{"id":79,"date":"2022-11-05T00:07:32","date_gmt":"2022-11-04T23:07:32","guid":{"rendered":"http:\/\/steuerkanzlei-karl.de\/?page_id=79"},"modified":"2022-11-26T21:00:41","modified_gmt":"2022-11-26T20:00:41","slug":"mandanteninformation","status":"publish","type":"page","link":"https:\/\/steuerkanzlei-karl.de\/index.php\/mandanteninformation\/","title":{"rendered":"Mandanteninformation"},"content":{"rendered":"<style>\r\n\t.entry-title {\r\n\t\tdisplay: none;\r\n\t\tmargin-bottom: -50px;\r\n\t}\r\n\r\n\t#content {\r\n\t\tpadding-top: 0px;\r\n\t}\r\n\t\r\n\t#content > div > .row {\r\n    \tmargin-top: -30px;\r\n\t}\r\n<\/style>\n\n\n\n\n\n\n<h2 class=\"wp-block-heading\">Ihr Steuerberater informiert<\/h2>\n\n\n\n<div class=\"wp-block-query has-text-color is-layout-flow wp-block-query-is-layout-flow\" style=\"color:#666666\"><ul class=\"wp-block-post-template is-layout-flow wp-block-post-template-is-layout-flow\"><li class=\"wp-block-post post-885 post type-post status-publish format-standard has-post-thumbnail hentry category-aktuelles category-mandanteninformation\">\n<h5 class=\"wp-block-post-title\"><a href=\"https:\/\/steuerkanzlei-karl.de\/index.php\/einfuehrung-der-elektronischen-rechnung-ab-01-01-2025\/\" target=\"_self\" >Einf\u00fchrung der elektronischen Rechnung ab 01.01.2025<\/a><\/h5>\n\n<div class=\"wp-block-post-date\"><time datetime=\"2024-11-15T00:00:28+01:00\">15. November 2024<\/time><\/div>\n\n<div class=\"has-text-align-left wp-block-post-excerpt\"><p class=\"wp-block-post-excerpt__excerpt\">Ab dem 01. Januar 2025 wird die elektronische Rechnung zur Pflicht, wenn leistender Unternehmer und Leistungsempf\u00e4nger Unternehmer und im Inland ans\u00e4ssig sind<\/p><p class=\"wp-block-post-excerpt__more-text\"><a class=\"wp-block-post-excerpt__more-link\" href=\"https:\/\/steuerkanzlei-karl.de\/index.php\/einfuehrung-der-elektronischen-rechnung-ab-01-01-2025\/\">Weiterlesen<\/a><\/p><\/div>\n<\/li><li class=\"wp-block-post post-878 post type-post status-publish format-standard has-post-thumbnail hentry category-mandanteninformation\">\n<h5 class=\"wp-block-post-title\"><a href=\"https:\/\/steuerkanzlei-karl.de\/index.php\/mi-05-2024-monatsinformation-mai-2024\/\" target=\"_self\" >MI 05\/2024 &#8211; Monatsinformation Mai 2024<\/a><\/h5>\n\n<div class=\"wp-block-post-date\"><time datetime=\"2024-05-01T00:01:48+02:00\">1. Mai 2024<\/time><\/div>\n\n<div class=\"has-text-align-left wp-block-post-excerpt\"><p class=\"wp-block-post-excerpt__excerpt\">In der f\u00fcnften Monatsinformation des Jahres 2024 finden Sie die geplanten \u00c4nderungen f\u00fcr Sie zusammengefasst. Themen Haben Sie Fragen zu den Artikeln<\/p><p class=\"wp-block-post-excerpt__more-text\"><a class=\"wp-block-post-excerpt__more-link\" href=\"https:\/\/steuerkanzlei-karl.de\/index.php\/mi-05-2024-monatsinformation-mai-2024\/\">Weiterlesen<\/a><\/p><\/div>\n<\/li><li class=\"wp-block-post post-871 post type-post status-publish format-standard has-post-thumbnail hentry category-mandanteninformation\">\n<h5 class=\"wp-block-post-title\"><a href=\"https:\/\/steuerkanzlei-karl.de\/index.php\/mi-04-2024-monatsinformation-april-2024\/\" target=\"_self\" >MI 04\/2024 &#8211; Monatsinformation April 2024<\/a><\/h5>\n\n<div class=\"wp-block-post-date\"><time datetime=\"2024-04-01T00:00:59+02:00\">1. April 2024<\/time><\/div>\n\n<div class=\"has-text-align-left wp-block-post-excerpt\"><p class=\"wp-block-post-excerpt__excerpt\">In der vierten Monatsinformation des Jahres 2024 finden Sie die geplanten \u00c4nderungen f\u00fcr Sie zusammengefasst. Themen Haben Sie Fragen zu den Artikeln<\/p><p class=\"wp-block-post-excerpt__more-text\"><a class=\"wp-block-post-excerpt__more-link\" href=\"https:\/\/steuerkanzlei-karl.de\/index.php\/mi-04-2024-monatsinformation-april-2024\/\">Weiterlesen<\/a><\/p><\/div>\n<\/li><li class=\"wp-block-post post-865 post type-post status-publish format-standard has-post-thumbnail hentry category-mandanteninformation\">\n<h5 class=\"wp-block-post-title\"><a href=\"https:\/\/steuerkanzlei-karl.de\/index.php\/mi-03-2024-monatsinformation-maerz-2024\/\" target=\"_self\" >MI 03\/2024 &#8211; Monatsinformation M\u00e4rz 2024<\/a><\/h5>\n\n<div class=\"wp-block-post-date\"><time datetime=\"2024-03-01T00:00:09+01:00\">1. M\u00e4rz 2024<\/time><\/div>\n\n<div class=\"has-text-align-left wp-block-post-excerpt\"><p class=\"wp-block-post-excerpt__excerpt\">In der dritten Monatsinformation des Jahres 2024 finden Sie die geplanten \u00c4nderungen f\u00fcr Sie zusammengefasst. Themen Haben Sie Fragen zu den Artikeln<\/p><p class=\"wp-block-post-excerpt__more-text\"><a class=\"wp-block-post-excerpt__more-link\" href=\"https:\/\/steuerkanzlei-karl.de\/index.php\/mi-03-2024-monatsinformation-maerz-2024\/\">Weiterlesen<\/a><\/p><\/div>\n<\/li><li class=\"wp-block-post post-859 post type-post status-publish format-standard has-post-thumbnail hentry category-mandanteninformation\">\n<h5 class=\"wp-block-post-title\"><a href=\"https:\/\/steuerkanzlei-karl.de\/index.php\/mi-02-2024-monatsinformation-februar-2024\/\" target=\"_self\" >MI 02\/2024 &#8211; Monatsinformation Februar 2024<\/a><\/h5>\n\n<div class=\"wp-block-post-date\"><time datetime=\"2024-02-01T00:00:00+01:00\">1. Februar 2024<\/time><\/div>\n\n<div class=\"has-text-align-left wp-block-post-excerpt\"><p class=\"wp-block-post-excerpt__excerpt\">In der zweiten Monatsinformation des Jahres 2024 finden Sie die geplanten \u00c4nderungen f\u00fcr Sie zusammengefasst. Themen Haben Sie Fragen zu den Artikeln<\/p><p class=\"wp-block-post-excerpt__more-text\"><a class=\"wp-block-post-excerpt__more-link\" href=\"https:\/\/steuerkanzlei-karl.de\/index.php\/mi-02-2024-monatsinformation-februar-2024\/\">Weiterlesen<\/a><\/p><\/div>\n<\/li><li class=\"wp-block-post post-834 post type-post status-publish format-standard has-post-thumbnail hentry category-mandanteninformation\">\n<h5 class=\"wp-block-post-title\"><a href=\"https:\/\/steuerkanzlei-karl.de\/index.php\/mandanteninformation-01-2024-monatsinformation-januar-2024\/\" target=\"_self\" >MI 01\/2024 &#8211; Monatsinformation Januar 2024<\/a><\/h5>\n\n<div class=\"wp-block-post-date\"><time datetime=\"2024-01-01T00:00:00+01:00\">1. Januar 2024<\/time><\/div>\n\n<div class=\"has-text-align-left wp-block-post-excerpt\"><p class=\"wp-block-post-excerpt__excerpt\">Zum Jahreswechsel stehen wieder einmal eine Menge gesetzlicher Neuerungen und \u00c4nderungen, formale \u00c4nderungen und Erleichterungen an. In der ersten Monatsinformation des Jahres<\/p><p class=\"wp-block-post-excerpt__more-text\"><a class=\"wp-block-post-excerpt__more-link\" href=\"https:\/\/steuerkanzlei-karl.de\/index.php\/mandanteninformation-01-2024-monatsinformation-januar-2024\/\">Weiterlesen<\/a><\/p><\/div>\n<\/li><li class=\"wp-block-post post-763 post type-post status-publish format-standard has-post-thumbnail hentry category-mandanteninformation\">\n<h5 class=\"wp-block-post-title\"><a href=\"https:\/\/steuerkanzlei-karl.de\/index.php\/geplante-gesetzesaenderung-zur-steuerlichen-behandlung-von-photovoltaikanlagen-ab-2023\/\" target=\"_self\" >Geplante Gesetzes\u00e4nderung zur steuerlichen Behandlung von Photovoltaikanlagen ab 2023<\/a><\/h5>\n\n<div class=\"wp-block-post-date\"><time datetime=\"2022-11-28T16:08:50+01:00\">28. November 2022<\/time><\/div>\n\n<div class=\"has-text-align-left wp-block-post-excerpt\"><p class=\"wp-block-post-excerpt__excerpt\">Ein Regierungsentwurf zum Jahressteuergesetz 2022 sieht eine gesetzliche Regelung f\u00fcrdie Steuerfreistellung von Einnahmen aus dem Betrieb von PV-Anlagen vor. Die geplante Neuregelung<\/p><p class=\"wp-block-post-excerpt__more-text\"><a class=\"wp-block-post-excerpt__more-link\" href=\"https:\/\/steuerkanzlei-karl.de\/index.php\/geplante-gesetzesaenderung-zur-steuerlichen-behandlung-von-photovoltaikanlagen-ab-2023\/\">Weiterlesen<\/a><\/p><\/div>\n<\/li><li class=\"wp-block-post post-782 post type-post status-publish format-standard has-post-thumbnail hentry category-mandanteninformation\">\n<h5 class=\"wp-block-post-title\"><a href=\"https:\/\/steuerkanzlei-karl.de\/index.php\/inflationsausgleichspraemie-ab-26-10-2022\/\" target=\"_self\" >Inflationsausgleichspr\u00e4mie ab 26.10.2022<\/a><\/h5>\n\n<div class=\"wp-block-post-date\"><time datetime=\"2022-10-26T00:00:17+02:00\">26. Oktober 2022<\/time><\/div>\n\n<div class=\"has-text-align-left wp-block-post-excerpt\"><p class=\"wp-block-post-excerpt__excerpt\">Aufgrund der massiv gestiegenen Verbraucherpreise ist es dem Arbeitgeber m\u00f6glich, eine sog. Inflationsausgleichpr\u00e4mie an seine Arbeitnehmer (max. 3.000 \u20ac p. P.) auszuzahlen.<\/p><p class=\"wp-block-post-excerpt__more-text\"><a class=\"wp-block-post-excerpt__more-link\" href=\"https:\/\/steuerkanzlei-karl.de\/index.php\/inflationsausgleichspraemie-ab-26-10-2022\/\">Weiterlesen<\/a><\/p><\/div>\n<\/li><\/ul>\n\n\n\n<\/div>\n\n\n\n<hr class=\"wp-block-separator has-alpha-channel-opacity is-style-dots\"\/>\n\n\n\n<h2 class=\"wp-block-heading\">Weiterf\u00fchrende Links<\/h2>\n\n\n\n<div class=\"wp-block-columns is-layout-flex wp-container-core-columns-is-layout-9d6595d7 wp-block-columns-is-layout-flex\">\n<div class=\"wp-block-column is-layout-flow wp-block-column-is-layout-flow\">\n<div class=\"wp-block-group\"><div class=\"wp-block-group__inner-container is-layout-constrained wp-block-group-is-layout-constrained\">\n<ul class=\"wp-block-list\">\n<li><a href=\"http:\/\/www.bundesfinanzministerium.de\/\" target=\"_blank\" rel=\"noreferrer noopener\">Bundesministerium der Finanzen<\/a><\/li>\n\n\n\n<li><a href=\"http:\/\/www.bmwi.de\/\" target=\"_blank\" rel=\"noreferrer noopener\">Bundesministerium der Wirtschaft<\/a><\/li>\n\n\n\n<li><a href=\"http:\/\/www.bmj.bund.de\/\" target=\"_blank\" rel=\"noreferrer noopener\">Bundesministerium der Justiz<\/a><\/li>\n\n\n\n<li><a href=\"http:\/\/www.bzst.bund.de\/\" target=\"_blank\" rel=\"noreferrer noopener\">Bundeszentralamt f\u00fcr Steuern<\/a><\/li>\n\n\n\n<li><a href=\"http:\/\/www.finanzamt.bayern.de\/lfst\/\" target=\"_blank\" rel=\"noreferrer noopener\">Bayerisches Landesamt f\u00fcr Steuern<\/a><\/li>\n<\/ul>\n<\/div><\/div>\n\n\n\n<div class=\"wp-block-group\"><div class=\"wp-block-group__inner-container is-layout-constrained wp-block-group-is-layout-constrained\">\n<ul class=\"wp-block-list\">\n<li><a href=\"http:\/\/www.bundesverfassungsgericht.de\/\" target=\"_blank\" rel=\"noreferrer noopener\">Bundesverfassungsgericht<\/a><\/li>\n\n\n\n<li><a href=\"http:\/\/www.bundesfinanzhof.de\/\" target=\"_blank\" rel=\"noreferrer noopener\">Bundesfinanzhof<\/a><\/li>\n<\/ul>\n<\/div><\/div>\n<\/div>\n\n\n\n<div class=\"wp-block-column is-layout-flow wp-block-column-is-layout-flow\">\n<div class=\"wp-block-group\"><div class=\"wp-block-group__inner-container is-layout-constrained wp-block-group-is-layout-constrained\">\n<ul class=\"wp-block-list\">\n<li><a href=\"http:\/\/www.bundesanzeiger.de\/\" target=\"_blank\" rel=\"noreferrer noopener\">Elektronischer Bundesanzeiger<\/a><\/li>\n\n\n\n<li><a href=\"https:\/\/www.transparenzregister.de\" target=\"_blank\" rel=\"noreferrer noopener\">Transparenzregister<\/a><\/li>\n\n\n\n<li><a href=\"http:\/\/www.arbeitsagentur.de\/\" target=\"_blank\" rel=\"noreferrer noopener\">Bundesagentur f\u00fcr Arbeit<\/a><\/li>\n\n\n\n<li><a href=\"http:\/\/www.minijob-zentrale.de\/\" target=\"_blank\" rel=\"noreferrer noopener\">Bundesknappschaft \u2013 Minijob-Zentrale<\/a><\/li>\n<\/ul>\n<\/div><\/div>\n\n\n\n<div class=\"wp-block-group\"><div class=\"wp-block-group__inner-container is-layout-constrained wp-block-group-is-layout-constrained\">\n<ul class=\"wp-block-list\">\n<li><a href=\"http:\/\/www.bstbk.de\/\" target=\"_blank\" rel=\"noreferrer noopener\">Bundessteuerberaterkammer<\/a><\/li>\n\n\n\n<li><a href=\"http:\/\/www.stbk-muc.de\/\" target=\"_blank\" rel=\"noreferrer noopener\">Steuerberaterkammer M\u00fcnchen<\/a><\/li>\n<\/ul>\n<\/div><\/div>\n\n\n\n<div class=\"wp-block-group\"><div class=\"wp-block-group__inner-container is-layout-constrained wp-block-group-is-layout-constrained\">\n<ul class=\"wp-block-list\">\n<li><a href=\"http:\/\/www.dstv.de\/\" target=\"_blank\" rel=\"noreferrer noopener\">Deutscher Steuerberaterverband<\/a><\/li>\n<\/ul>\n<\/div><\/div>\n<\/div>\n\n\n\n<div class=\"wp-block-column is-layout-flow wp-block-column-is-layout-flow\">\n<div class=\"wp-block-group\"><div class=\"wp-block-group__inner-container is-layout-constrained wp-block-group-is-layout-constrained\">\n<ul class=\"wp-block-list\">\n<li><a href=\"http:\/\/www.finanzamt.de\/\" target=\"_blank\" rel=\"noreferrer noopener\">Finanzamtsuche<\/a><\/li>\n\n\n\n<li><a href=\"http:\/\/www.datev.de\/\" target=\"_blank\" rel=\"noreferrer noopener\">DATEV eG<\/a><\/li>\n\n\n\n<li><a href=\"http:\/\/www.kfw.de\/\" target=\"_blank\" rel=\"noreferrer noopener\">KfW Bankengruppe<\/a><\/li>\n\n\n\n<li><a href=\"http:\/\/www.invest-in-badwoerishofen.de\/\" target=\"_blank\" rel=\"noreferrer noopener\">Wirtschaftsstandort Bad W\u00f6rishofen<\/a><\/li>\n\n\n\n<li><a href=\"http:\/\/www.hwk-schwaben.de\/\" target=\"_blank\" rel=\"noreferrer noopener\">Handwerkskammer f\u00fcr Schwaben<\/a><\/li>\n\n\n\n<li><a href=\"http:\/\/www.schwaben.ihk.de\/\" target=\"_blank\" rel=\"noreferrer noopener\">Industrie- und Handelskammer Schwaben<\/a><\/li>\n<\/ul>\n<\/div><\/div>\n<\/div>\n<\/div>\n\n\n\n\n\n<style>\r\n\t#content > div > .row {\r\n    \tmargin-bottom: -30px;\r\n\t}\r\n\t\r\n\t#content {\r\n\t\tpadding-bottom: 0px !important;\r\n\t}\r\n<\/style>\n","protected":false},"excerpt":{"rendered":"<p>Ihr Steuerberater informiert Weiterf\u00fchrende Links<\/p>\n","protected":false},"author":1,"featured_media":0,"parent":0,"menu_order":0,"comment_status":"closed","ping_status":"closed","template":"","meta":{"footnotes":""},"class_list":["post-79","page","type-page","status-publish","hentry"],"_links":{"self":[{"href":"https:\/\/steuerkanzlei-karl.de\/index.php\/wp-json\/wp\/v2\/pages\/79","targetHints":{"allow":["GET"]}}],"collection":[{"href":"https:\/\/steuerkanzlei-karl.de\/index.php\/wp-json\/wp\/v2\/pages"}],"about":[{"href":"https:\/\/steuerkanzlei-karl.de\/index.php\/wp-json\/wp\/v2\/types\/page"}],"author":[{"embeddable":true,"href":"https:\/\/steuerkanzlei-karl.de\/index.php\/wp-json\/wp\/v2\/users\/1"}],"replies":[{"embeddable":true,"href":"https:\/\/steuerkanzlei-karl.de\/index.php\/wp-json\/wp\/v2\/comments?post=79"}],"version-history":[{"count":31,"href":"https:\/\/steuerkanzlei-karl.de\/index.php\/wp-json\/wp\/v2\/pages\/79\/revisions"}],"predecessor-version":[{"id":740,"href":"https:\/\/steuerkanzlei-karl.de\/index.php\/wp-json\/wp\/v2\/pages\/79\/revisions\/740"}],"wp:attachment":[{"href":"https:\/\/steuerkanzlei-karl.de\/index.php\/wp-json\/wp\/v2\/media?parent=79"}],"curies":[{"name":"wp","href":"https:\/\/api.w.org\/{rel}","templated":true}]}}