{"id":77,"date":"2022-11-05T00:07:24","date_gmt":"2022-11-04T23:07:24","guid":{"rendered":"http:\/\/steuerkanzlei-karl.de\/?page_id=77"},"modified":"2022-11-11T14:29:37","modified_gmt":"2022-11-11T13:29:37","slug":"leistungen","status":"publish","type":"page","link":"https:\/\/steuerkanzlei-karl.de\/index.php\/leistungen\/","title":{"rendered":"Leistungen"},"content":{"rendered":"<style>\r\n\t.entry-title {\r\n\t\tdisplay: none;\r\n\t\tmargin-bottom: -50px;\r\n\t}\r\n\r\n\t#content {\r\n\t\tpadding-top: 0px;\r\n\t}\r\n\t\r\n\t#content > div > .row {\r\n    \tmargin-top: -30px;\r\n\t}\r\n<\/style>\n\n\n\n\n\n\n<h3 class=\"has-text-align-center wp-block-heading\">Unser Leistungsangebot umfasst:<\/h3>\n\n\n\n<div class=\"wp-block-columns are-vertically-aligned-top is-layout-flex wp-container-core-columns-is-layout-9d6595d7 wp-block-columns-is-layout-flex\">\n<div class=\"wp-block-column is-vertically-aligned-top is-layout-flow wp-block-column-is-layout-flow\">\n<div class=\"guten-element guten-hsCYw3 guten-icon-box icon-position-top\"><div class=\"guten-icon-box-wrapper hover-from-left\"><div class=\"icon-box icon-box-header\"><div class=\"icon style-color\"><i class=\"fas fa-house-user\"><\/i><\/div><\/div><div class=\"icon-box icon-box-body\"><h6 class=\"title\">Steuerliche Beratung f\u00fcr Privatpersonen<\/h6><p class=\"icon-box-description\"><\/p><\/div><\/div><\/div>\n<\/div>\n\n\n\n<div class=\"wp-block-column is-vertically-aligned-top is-layout-flow wp-block-column-is-layout-flow\">\n<div class=\"guten-element guten-l335UG guten-icon-box icon-position-top\"><div class=\"guten-icon-box-wrapper hover-from-left\"><div class=\"icon-box icon-box-header\"><div class=\"icon style-color\"><i class=\"fas fa-business-time\"><\/i><\/div><\/div><div class=\"icon-box icon-box-body\"><h6 class=\"title\">Steuerliche und betriebswirtschaftliche Beratung f\u00fcr Unternehmer<\/h6><p class=\"icon-box-description\"><\/p><\/div><\/div><\/div>\n<\/div>\n<\/div>\n\n\n\n<h3 class=\"has-text-align-center wp-block-heading\">Und das beinhaltet im Detail:<\/h3>\n\n\n\n<div style=\"height:10px\" aria-hidden=\"true\" class=\"wp-block-spacer\"><\/div>\n\n\n\n<div class=\"wp-block-media-text-special wp-block-media-text is-stacked-on-mobile is-vertically-aligned-center\">\n<figure class=\"wp-block-media-text__media\">\n<svg xmlns=\"http:\/\/www.w3.org\/2000\/svg\" width=\"64\" height=\"64\" fill=\"currentColor\" class=\"bi bi-card-checklist\" viewBox=\"0 0 16 16\">\n  <path d=\"M14.5 3a.5.5 0 0 1 .5.5v9a.5.5 0 0 1-.5.5h-13a.5.5 0 0 1-.5-.5v-9a.5.5 0 0 1 .5-.5h13zm-13-1A1.5 1.5 0 0 0 0 3.5v9A1.5 1.5 0 0 0 1.5 14h13a1.5 1.5 0 0 0 1.5-1.5v-9A1.5 1.5 0 0 0 14.5 2h-13z\"><\/path>\n  <path d=\"M7 5.5a.5.5 0 0 1 .5-.5h5a.5.5 0 0 1 0 1h-5a.5.5 0 0 1-.5-.5zm-1.496-.854a.5.5 0 0 1 0 .708l-1.5 1.5a.5.5 0 0 1-.708 0l-.5-.5a.5.5 0 1 1 .708-.708l.146.147 1.146-1.147a.5.5 0 0 1 .708 0zM7 9.5a.5.5 0 0 1 .5-.5h5a.5.5 0 0 1 0 1h-5a.5.5 0 0 1-.5-.5zm-1.496-.854a.5.5 0 0 1 0 .708l-1.5 1.5a.5.5 0 0 1-.708 0l-.5-.5a.5.5 0 0 1 .708-.708l.146.147 1.146-1.147a.5.5 0 0 1 .708 0z\"><\/path>\n<\/svg>\n<\/figure>\n<div class=\"wp-block-media-text__content\">\n<p>\n<\/p><div class=\"is-layout-constrained wp-block-group\">\n<div class=\"wp-block-group__inner-container\">\n<h4>Steuerdeklaration<\/h4>\n<ul>\n<li>S\u00e4mtliche Steuererkl\u00e4rungen nebst Anlagen f\u00fcr den privaten und betrieblichen Bereich<\/li>\n<li>Erstellung von Steueranmeldungen<\/li>\n<li>Steuervorausberechnungen<\/li>\n<\/ul>\n<\/div>\n<\/div>\n<p><\/p>\n<\/div>\n<\/div>\n\n\n\n<div class=\"wp-block-media-text-special wp-block-media-text is-stacked-on-mobile is-vertically-aligned-center\">\n<figure class=\"wp-block-media-text__media\">\n<svg xmlns=\"http:\/\/www.w3.org\/2000\/svg\" width=\"64\" height=\"64\" fill=\"currentColor\" class=\"bi bi-building\" viewBox=\"0 0 16 16\">\n  <path fill-rule=\"evenodd\" d=\"M14.763.075A.5.5 0 0 1 15 .5v15a.5.5 0 0 1-.5.5h-3a.5.5 0 0 1-.5-.5V14h-1v1.5a.5.5 0 0 1-.5.5h-9a.5.5 0 0 1-.5-.5V10a.5.5 0 0 1 .342-.474L6 7.64V4.5a.5.5 0 0 1 .276-.447l8-4a.5.5 0 0 1 .487.022zM6 8.694 1 10.36V15h5V8.694zM7 15h2v-1.5a.5.5 0 0 1 .5-.5h2a.5.5 0 0 1 .5.5V15h2V1.309l-7 3.5V15z\"><\/path>\n  <path d=\"M2 11h1v1H2v-1zm2 0h1v1H4v-1zm-2 2h1v1H2v-1zm2 0h1v1H4v-1zm4-4h1v1H8V9zm2 0h1v1h-1V9zm-2 2h1v1H8v-1zm2 0h1v1h-1v-1zm2-2h1v1h-1V9zm0 2h1v1h-1v-1zM8 7h1v1H8V7zm2 0h1v1h-1V7zm2 0h1v1h-1V7zM8 5h1v1H8V5zm2 0h1v1h-1V5zm2 0h1v1h-1V5zm0-2h1v1h-1V3z\"><\/path>\n<\/svg>\n<\/figure>\n<div class=\"wp-block-media-text__content\">\n<p>\n<\/p><div class=\"is-layout-constrained wp-block-group\">\n<div class=\"wp-block-group__inner-container\">\n<h4>Gestaltungsberatung<\/h4>\n<ul>\n<li>Gestaltungen auf der privaten Ebene sowie im unternehmerischen Bereich<\/li>\n<li>Verm\u00f6gensplanung und Finanzierungsberatung<\/li>\n<li>Gr\u00fcndungsberatung und Rechtsformwahl<\/li>\n<li>Betriebswirtschaftliche Beratung<\/li>\n<li>Liquidit\u00e4ts- und Investitionsplanungen<\/li>\n<li>Unternehmens- und Nachfolgeberatung<\/li>\n<li>Unterst\u00fctzung bei Bankgespr\u00e4chen<\/li>\n<li>Pr\u00fcfung von Steuerspar- und Steuersenkungsmodellen<\/li>\n<\/ul>\n<\/div>\n<\/div>\n<p><\/p>\n<\/div>\n<\/div>\n\n\n\n<div class=\"wp-block-media-text-special wp-block-media-text is-stacked-on-mobile is-vertically-aligned-center\">\n<figure class=\"wp-block-media-text__media\">\n<svg xmlns=\"http:\/\/www.w3.org\/2000\/svg\" width=\"64\" height=\"64\" fill=\"currentColor\" class=\"bi bi-envelope-check-fill\" viewBox=\"0 0 16 16\">\n  <path d=\"M.05 3.555A2 2 0 0 1 2 2h12a2 2 0 0 1 1.95 1.555L8 8.414.05 3.555ZM0 4.697v7.104l5.803-3.558L0 4.697ZM6.761 8.83l-6.57 4.026A2 2 0 0 0 2 14h6.256A4.493 4.493 0 0 1 8 12.5a4.49 4.49 0 0 1 1.606-3.446l-.367-.225L8 9.586l-1.239-.757ZM16 4.697v4.974A4.491 4.491 0 0 0 12.5 8a4.49 4.49 0 0 0-1.965.45l-.338-.207L16 4.697Z\"><\/path>\n  <path d=\"M16 12.5a3.5 3.5 0 1 1-7 0 3.5 3.5 0 0 1 7 0Zm-1.993-1.679a.5.5 0 0 0-.686.172l-1.17 1.95-.547-.547a.5.5 0 0 0-.708.708l.774.773a.75.75 0 0 0 1.174-.144l1.335-2.226a.5.5 0 0 0-.172-.686Z\"><\/path>\n<\/svg>\n<\/figure>\n<div class=\"wp-block-media-text__content\">\n<p>\n<\/p><div class=\"is-layout-constrained wp-block-group\">\n<div class=\"wp-block-group__inner-container\">\n<h4>Steuerdurchsetzung<\/h4>\n<ul>\n<li>Stellung von Antr\u00e4gen bei den Finanzbeh\u00f6rden<\/li>\n<li>Pr\u00fcfung von Steuerbescheiden<\/li>\n<li>Abwehr unberechtigter Forderungen seitens der Steuerbeh\u00f6rden<\/li>\n<li>Hilfe bei der Durchsetzung von Anspr\u00fcchen aus dem Steuerschuldverh\u00e4ltnis<\/li>\n<li>Mitwirkung, Begleitung und Vertretung bei Pr\u00fcfungen durch Beh\u00f6rden<\/li>\n<li>F\u00fchrung von au\u00dfergerichtlichen Rechtsbehelfen<\/li>\n<li>Vertretung vor den Steuergerichten sowie bei Steuerstraf- und Bu\u00dfgeldverfahren<\/li>\n<\/ul>\n<\/div>\n<\/div>\n<p><\/p>\n<\/div>\n<\/div>\n\n\n\n<div class=\"wp-block-media-text-special wp-block-media-text is-stacked-on-mobile is-vertically-aligned-center\">\n<figure class=\"wp-block-media-text__media\">\n<svg xmlns=\"http:\/\/www.w3.org\/2000\/svg\" width=\"64\" height=\"64\" fill=\"currentColor\" class=\"bi bi-journal-text\" viewBox=\"0 0 16 16\">\n  <path d=\"M5 10.5a.5.5 0 0 1 .5-.5h2a.5.5 0 0 1 0 1h-2a.5.5 0 0 1-.5-.5zm0-2a.5.5 0 0 1 .5-.5h5a.5.5 0 0 1 0 1h-5a.5.5 0 0 1-.5-.5zm0-2a.5.5 0 0 1 .5-.5h5a.5.5 0 0 1 0 1h-5a.5.5 0 0 1-.5-.5zm0-2a.5.5 0 0 1 .5-.5h5a.5.5 0 0 1 0 1h-5a.5.5 0 0 1-.5-.5z\"><\/path>\n  <path d=\"M3 0h10a2 2 0 0 1 2 2v12a2 2 0 0 1-2 2H3a2 2 0 0 1-2-2v-1h1v1a1 1 0 0 0 1 1h10a1 1 0 0 0 1-1V2a1 1 0 0 0-1-1H3a1 1 0 0 0-1 1v1H1V2a2 2 0 0 1 2-2z\"><\/path>\n  <path d=\"M1 5v-.5a.5.5 0 0 1 1 0V5h.5a.5.5 0 0 1 0 1h-2a.5.5 0 0 1 0-1H1zm0 3v-.5a.5.5 0 0 1 1 0V8h.5a.5.5 0 0 1 0 1h-2a.5.5 0 0 1 0-1H1zm0 3v-.5a.5.5 0 0 1 1 0v.5h.5a.5.5 0 0 1 0 1h-2a.5.5 0 0 1 0-1H1z\"><\/path>\n<\/svg>\n<\/figure>\n<div class=\"wp-block-media-text__content\">\n<p>\n<\/p><div class=\"is-layout-constrained wp-block-group\">\n<div class=\"wp-block-group__inner-container\">\n<h4>Lohn-, Finanz- und Anlagenbuchf\u00fchrung<\/h4>\n<ul>\n<li>Erstellung von Lohn- und Gehaltsabrechnungen f\u00fcr Arbeitnehmer inkl. der notwendigen Meldungen bei den entsprechenden Beh\u00f6rden und Einrichtungen<\/li>\n<li>Erstellung der Finanzbuchf\u00fchrung incl. der vorgeschriebenen Meldungen beim Finanzamt sowie beim Bundeszentralamt f\u00fcr Steuern sowie der Erstellung von Buchf\u00fchrungsauswertungen wie betriebswirtschaftliche Auswertungen, Offen-Posten-Listen und Controlling-Report<\/li>\n<li>Erstellung der Anlagenbuchf\u00fchrung und Entwicklung des Anlagenverzeichnisses<\/li>\n<\/ul>\n<\/div>\n<\/div>\n<p><\/p>\n<\/div>\n<\/div>\n\n\n\n<div class=\"wp-block-media-text-special wp-block-media-text is-stacked-on-mobile is-vertically-aligned-center\">\n<figure class=\"wp-block-media-text__media\">\n<svg xmlns=\"http:\/\/www.w3.org\/2000\/svg\" width=\"64\" height=\"64\" fill=\"currentColor\" class=\"bi bi-cash-stack\" viewBox=\"0 0 16 16\">\n  <path d=\"M1 3a1 1 0 0 1 1-1h12a1 1 0 0 1 1 1H1zm7 8a2 2 0 1 0 0-4 2 2 0 0 0 0 4z\"><\/path>\n  <path d=\"M0 5a1 1 0 0 1 1-1h14a1 1 0 0 1 1 1v8a1 1 0 0 1-1 1H1a1 1 0 0 1-1-1V5zm3 0a2 2 0 0 1-2 2v4a2 2 0 0 1 2 2h10a2 2 0 0 1 2-2V7a2 2 0 0 1-2-2H3z\"><\/path>\n<\/svg>\n<\/figure>\n<div class=\"wp-block-media-text__content\">\n<p>\n<\/p><div class=\"is-layout-constrained wp-block-group\">\n<div class=\"wp-block-group__inner-container\">\n<h4>Gewinnermittlung und Jahresabschl\u00fcsse<\/h4>\n<ul>\n<li>Erstellung von Einnahmen-\u00dcberschuss-Rechnungen f\u00fcr nicht bilanzierungspflichtige Unternehmen sowie Freiberufler<\/li>\n<li>Aufstellung von Er\u00f6ffnungsbilanzen und Zwischenbilanzen<\/li>\n<li>Erstellung von Jahresabschl\u00fcssen nach Handels- und Steuerrecht<\/li>\n<li>Erstellung von Offenlegungsabschl\u00fcssen incl. Einreichung beim elektronischen Unternehmensregister<\/li>\n<\/ul>\n<\/div>\n<\/div>\n<p><\/p>\n<\/div>\n<\/div>\n\n\n\n<div class=\"wp-block-media-text-special wp-block-media-text is-stacked-on-mobile is-vertically-aligned-center\">\n<figure class=\"wp-block-media-text__media\">\n<svg xmlns=\"http:\/\/www.w3.org\/2000\/svg\" width=\"64\" height=\"64\" fill=\"currentColor\" class=\"bi bi-award-fill\" viewBox=\"0 0 16 16\">\n  <path d=\"m8 0 1.669.864 1.858.282.842 1.68 1.337 1.32L13.4 6l.306 1.854-1.337 1.32-.842 1.68-1.858.282L8 12l-1.669-.864-1.858-.282-.842-1.68-1.337-1.32L2.6 6l-.306-1.854 1.337-1.32.842-1.68L6.331.864 8 0z\"><\/path>\n  <path d=\"M4 11.794V16l4-1 4 1v-4.206l-2.018.306L8 13.126 6.018 12.1 4 11.794z\"><\/path>\n<\/svg>\n<\/figure>\n<div class=\"wp-block-media-text__content\">\n<p>\n<\/p><div class=\"is-layout-constrained wp-block-group\">\n<div class=\"wp-block-group__inner-container\">\n<h4>Sonstige T\u00e4tigkeiten<\/h4>\n<ul>\n<li>Testamentsvollstreckung<\/li>\n<li>Erstellung von Gutachten<\/li>\n<li>Treuh\u00e4nder<\/li>\n<li>Unternehmensbewertung<\/li>\n<\/ul>\n<\/div>\n<\/div>\n<p><\/p>\n<\/div>\n<\/div>\n\n\n\n\n\n<style>\r\n\t#content > div > .row {\r\n    \tmargin-bottom: -30px;\r\n\t}\r\n\t\r\n\t#content {\r\n\t\tpadding-bottom: 0px !important;\r\n\t}\r\n<\/style>\n","protected":false},"excerpt":{"rendered":"<p>Unser Leistungsangebot umfasst: Und das beinhaltet im Detail: Steuerdeklaration S\u00e4mtliche Steuererkl\u00e4rungen nebst Anlagen f\u00fcr den privaten und betrieblichen Bereich Erstellung von Steueranmeldungen [&hellip;]<\/p>\n","protected":false},"author":1,"featured_media":0,"parent":0,"menu_order":0,"comment_status":"closed","ping_status":"closed","template":"","meta":{"footnotes":""},"class_list":["post-77","page","type-page","status-publish","hentry"],"_links":{"self":[{"href":"https:\/\/steuerkanzlei-karl.de\/index.php\/wp-json\/wp\/v2\/pages\/77","targetHints":{"allow":["GET"]}}],"collection":[{"href":"https:\/\/steuerkanzlei-karl.de\/index.php\/wp-json\/wp\/v2\/pages"}],"about":[{"href":"https:\/\/steuerkanzlei-karl.de\/index.php\/wp-json\/wp\/v2\/types\/page"}],"author":[{"embeddable":true,"href":"https:\/\/steuerkanzlei-karl.de\/index.php\/wp-json\/wp\/v2\/users\/1"}],"replies":[{"embeddable":true,"href":"https:\/\/steuerkanzlei-karl.de\/index.php\/wp-json\/wp\/v2\/comments?post=77"}],"version-history":[{"count":92,"href":"https:\/\/steuerkanzlei-karl.de\/index.php\/wp-json\/wp\/v2\/pages\/77\/revisions"}],"predecessor-version":[{"id":607,"href":"https:\/\/steuerkanzlei-karl.de\/index.php\/wp-json\/wp\/v2\/pages\/77\/revisions\/607"}],"wp:attachment":[{"href":"https:\/\/steuerkanzlei-karl.de\/index.php\/wp-json\/wp\/v2\/media?parent=77"}],"curies":[{"name":"wp","href":"https:\/\/api.w.org\/{rel}","templated":true}]}}