{"id":2,"date":"2022-11-04T22:20:37","date_gmt":"2022-11-04T21:20:37","guid":{"rendered":"http:\/\/steuerkanzlei-karl.de\/?page_id=2"},"modified":"2022-11-26T21:46:41","modified_gmt":"2022-11-26T20:46:41","slug":"startseite","status":"publish","type":"page","link":"https:\/\/steuerkanzlei-karl.de\/","title":{"rendered":"Startseite"},"content":{"rendered":"<style>\r\n\t.entry-title {\r\n\t\tdisplay: none;\r\n\t\tmargin-bottom: -50px;\r\n\t}\r\n\r\n\t#content {\r\n\t\tpadding-top: 0px;\r\n\t}\r\n\t\r\n\t#content > div > .row {\r\n    \tmargin-top: -30px;\r\n\t}\r\n<\/style>\n\n\n\n<div style=\"height:50px\" aria-hidden=\"true\" class=\"wp-block-spacer\"><\/div>\n\n\n\n<div class=\"wp-block-group\"><div class=\"wp-block-group__inner-container is-layout-constrained wp-block-group-is-layout-constrained\"><div class=\"guten-icon-box-wrapper hover-from-left\"><div class=\"icon-box icon-box-header\">\n\t\t\t\t\t<div class=\"icon bg-style-color\">\n\t\t\t\t\t\t<i class=\"fas fa-quote-left icon-style-color\"><\/i>\n\t\t\t\t\t<\/div>\n\t\t\t\t<\/div><div class=\"icon-box icon-box-body\"><p class=\"icon-box-description\">Meine Steuerkanzlei habe ich 2007 in der Kneippstadt Bad W\u00f6rishofen gegr\u00fcndet und stehe meinen Mandanten in allen steuerlichen Fragen mit Rat und Tat zur Seite. Derzeit besch\u00e4ftige ich 4 Mitarbeiter und zusammen betreuen wir einen weitreichenden und stetig wachsenden Mandantenstamm.<\/p><\/div><\/div>\n\n\n<div class=\"wp-block-columns is-not-stacked-on-mobile is-layout-flex wp-container-core-columns-is-layout-9d6595d7 wp-block-columns-is-layout-flex\">\n<div class=\"wp-block-column is-vertically-aligned-center is-layout-flow wp-block-column-is-layout-flow\"><div class=\"wp-block-image is-style-rounded\">\n<figure class=\"alignright size-full is-resized\"><img decoding=\"async\" src=\"https:\/\/192.168.2.111\/wp-content\/uploads\/2022\/11\/Thomas-Karl-Janker-Alpha.webp\" alt=\"\" class=\"wp-image-362\" width=\"120\" srcset=\"https:\/\/steuerkanzlei-karl.de\/wp-content\/uploads\/2022\/11\/Thomas-Karl-Janker-Alpha.webp 552w, https:\/\/steuerkanzlei-karl.de\/wp-content\/uploads\/2022\/11\/Thomas-Karl-Janker-Alpha-253x300.webp 253w, https:\/\/steuerkanzlei-karl.de\/wp-content\/uploads\/2022\/11\/Thomas-Karl-Janker-Alpha-230x273.webp 230w, https:\/\/steuerkanzlei-karl.de\/wp-content\/uploads\/2022\/11\/Thomas-Karl-Janker-Alpha-350x415.webp 350w, https:\/\/steuerkanzlei-karl.de\/wp-content\/uploads\/2022\/11\/Thomas-Karl-Janker-Alpha-480x569.webp 480w\" sizes=\"(max-width: 552px) 100vw, 552px\" \/><\/figure>\n<\/div><\/div>\n\n\n\n<div class=\"wp-block-column is-vertically-aligned-center is-layout-flow wp-block-column-is-layout-flow\">\n<h6 class=\"wp-block-heading\">Dipl.-Betriebswirt (FH)<\/h6>\n\n\n\n<h3 class=\"has-text-color wp-block-heading\" style=\"color:#666666; margin-top:5px;\">Thomas Karl<\/h3>\n\n\n\n<h5 class=\"has-text-color wp-block-heading\" style=\"color:#666666\">Steuerberater<\/h5>\n<\/div>\n<\/div>\n<\/div><\/div>\n\n\n\n<div style=\"height:50px\" aria-hidden=\"true\" class=\"wp-block-spacer\"><\/div>\n\n\n\n<hr class=\"wp-block-separator has-alpha-channel-opacity is-style-dots\"\/>\n\n\n\n<div style=\"height:50px\" aria-hidden=\"true\" class=\"wp-block-spacer\"><\/div>\n\n\n\n<h2 class=\"has-text-align-center wp-block-heading\">Aktuelles aus der Steuerkanzlei<\/h2>\n\n\n\n<div style=\"height:25px\" aria-hidden=\"true\" class=\"wp-block-spacer\"><\/div>\n\n\n<div  class=\"gutenverse guten-postblock postblock-type-2 guten-pagination-disable  post-element guten-SCQ27x\"  data-id=\"guten-SCQ27x\" data-settings=\"{&quot;elementId&quot;:&quot;guten-SCQ27x&quot;,&quot;numberPost&quot;:&quot;1&quot;,&quot;includeCategory&quot;:[{&quot;label&quot;:&quot;Aktuelles aus der Steuerkanzlei&quot;,&quot;value&quot;:21}],&quot;htmlTag&quot;:&quot;h2&quot;,&quot;categoryEnabled&quot;:false,&quot;excerptMore&quot;:&quot; ...&quot;,&quot;readmoreEnabled&quot;:false,&quot;metaEnabled&quot;:false,&quot;postblockType&quot;:&quot;type-2&quot;,&quot;postItemMargin&quot;:{&quot;Desktop&quot;:{&quot;unit&quot;:&quot;%&quot;,&quot;dimension&quot;:{&quot;top&quot;:&quot;0&quot;,&quot;right&quot;:&quot;0&quot;,&quot;bottom&quot;:&quot;0&quot;,&quot;left&quot;:&quot;0&quot;}}},&quot;postItemPadding&quot;:{&quot;Desktop&quot;:[]},&quot;postItemBorder&quot;:{&quot;radius&quot;:{&quot;Desktop&quot;:[]}},&quot;thumbnailRadius&quot;:{&quot;Desktop&quot;:{&quot;unit&quot;:&quot;px&quot;,&quot;dimension&quot;:{&quot;top&quot;:&quot;10&quot;,&quot;right&quot;:&quot;10&quot;}},&quot;Mobile&quot;:[]},&quot;inheritQuery&quot;:true,&quot;postType&quot;:&quot;post&quot;,&quot;postOffset&quot;:0,&quot;column&quot;:[],&quot;excludeCurrentPost&quot;:false,&quot;includePost&quot;:[],&quot;excludePost&quot;:[],&quot;excludeCategory&quot;:[],&quot;includeAuthor&quot;:[],&quot;includeTag&quot;:[],&quot;excludeTag&quot;:[],&quot;categoryPosition&quot;:&quot;center&quot;,&quot;excerptEnabled&quot;:true,&quot;excerptLength&quot;:20,&quot;readmoreIcon&quot;:&quot;fas fa-arrow-right&quot;,&quot;readmoreIconPosition&quot;:&quot;after&quot;,&quot;readmoreText&quot;:&quot;Read More&quot;,&quot;commentEnabled&quot;:false,&quot;commentIcon&quot;:&quot;fas fa-comment&quot;,&quot;commentIconPosition&quot;:&quot;before&quot;,&quot;metaAuthorEnabled&quot;:true,&quot;metaAuthorByText&quot;:&quot;by&quot;,&quot;metaAuthorIcon&quot;:&quot;fas fa-user&quot;,&quot;metaAuthorIconPosition&quot;:&quot;before&quot;,&quot;metaDateEnabled&quot;:true,&quot;metaDateType&quot;:&quot;published&quot;,&quot;metaDateFormat&quot;:&quot;default&quot;,&quot;metaDateFormatCustom&quot;:&quot;&quot;,&quot;metaDateIcon&quot;:&quot;fas fa-clock&quot;,&quot;metaDateIconPosition&quot;:&quot;before&quot;,&quot;breakpoint&quot;:&quot;tablet&quot;,&quot;noContentText&quot;:&quot;No Content&quot;,&quot;paginationMode&quot;:&quot;disable&quot;,&quot;paginationLoadmoreText&quot;:&quot;Load More&quot;,&quot;paginationLoadingText&quot;:&quot;Loading...&quot;,&quot;paginationNumberPost&quot;:3,&quot;paginationScrollLimit&quot;:0,&quot;paginationIcon&quot;:&quot;&quot;,&quot;paginationIconType&quot;:&quot;icon&quot;,&quot;paginationIconSVG&quot;:&quot;&quot;,&quot;paginationIconPosition&quot;:&quot;before&quot;,&quot;background&quot;:[],&quot;backgroundHover&quot;:[],&quot;animation&quot;:[],&quot;paginationPrevNextText&quot;:true,&quot;paginationPrevText&quot;:&quot;Prev&quot;,&quot;paginationNextText&quot;:&quot;Next&quot;,&quot;paginationPrevIcon&quot;:&quot;fas fa-chevron-left&quot;,&quot;paginationPrevIconType&quot;:&quot;icon&quot;,&quot;paginationNextIcon&quot;:&quot;fas fa-chevron-right&quot;,&quot;paginationNextIconType&quot;:&quot;icon&quot;,&quot;contentOrder&quot;:[{&quot;label&quot;:&quot;Title&quot;,&quot;value&quot;:&quot;title&quot;},{&quot;label&quot;:&quot;Meta&quot;,&quot;value&quot;:&quot;meta&quot;},{&quot;label&quot;:&quot;Excerpt&quot;,&quot;value&quot;:&quot;excerpt&quot;},{&quot;label&quot;:&quot;Read More&quot;,&quot;value&quot;:&quot;read&quot;}],&quot;paginationLoadmoreAnimation&quot;:&quot;&quot;,&quot;paginationLoadmoreAnimationSequence&quot;:&quot;&quot;,&quot;paged&quot;:1,&quot;class&quot;:null}\"><div class=\"guten-block-container\">\n            <div class=\"guten-posts guten-ajax-flag\">\n            <article class=\"guten-post post-885 post type-post status-publish format-standard has-post-thumbnail hentry category-aktuelles category-mandanteninformation\">\n                    <div class=\"guten-thumb\"><a aria-label=\"Einf\u00fchrung der elektronischen Rechnung ab 01.01.2025\" href=\"javascript:void(0);\" data-href=\"https:\/\/steuerkanzlei-karl.de\/index.php\/einfuehrung-der-elektronischen-rechnung-ab-01-01-2025\/\"><div class=\"thumbnail-container \">\n            <img fetchpriority=\"high\" decoding=\"async\" loading=\"eager\"  width=\"1200\" height=\"455\" src=\"https:\/\/steuerkanzlei-karl.de\/wp-content\/uploads\/2020\/06\/Mandanteninformation-Vorlage.webp\" class=\"attachment-full size-full wp-post-image\" alt=\"\" srcset=\"https:\/\/steuerkanzlei-karl.de\/wp-content\/uploads\/2020\/06\/Mandanteninformation-Vorlage.webp 1200w, https:\/\/steuerkanzlei-karl.de\/wp-content\/uploads\/2020\/06\/Mandanteninformation-Vorlage-300x114.webp 300w, https:\/\/steuerkanzlei-karl.de\/wp-content\/uploads\/2020\/06\/Mandanteninformation-Vorlage-1024x388.webp 1024w, https:\/\/steuerkanzlei-karl.de\/wp-content\/uploads\/2020\/06\/Mandanteninformation-Vorlage-768x291.webp 768w, https:\/\/steuerkanzlei-karl.de\/wp-content\/uploads\/2020\/06\/Mandanteninformation-Vorlage-1000x379.webp 1000w, https:\/\/steuerkanzlei-karl.de\/wp-content\/uploads\/2020\/06\/Mandanteninformation-Vorlage-230x87.webp 230w, https:\/\/steuerkanzlei-karl.de\/wp-content\/uploads\/2020\/06\/Mandanteninformation-Vorlage-350x133.webp 350w, https:\/\/steuerkanzlei-karl.de\/wp-content\/uploads\/2020\/06\/Mandanteninformation-Vorlage-480x182.webp 480w\" sizes=\"(max-width: 1200px) 100vw, 1200px\" \/>\n\t\t\t<div class=\"guten-overlay\"><\/div>\n        <\/div><\/a><\/div>\n                    <div class=\"guten-postblock-content\"><h2 class=\"guten-post-title\">\n\t\t\t\t\t\t\t<a aria-label=\"Einf\u00fchrung der elektronischen Rechnung ab 01.01.2025\" href=\"javascript:void(0);\" data-href=\"https:\/\/steuerkanzlei-karl.de\/index.php\/einfuehrung-der-elektronischen-rechnung-ab-01-01-2025\/\">Einf\u00fchrung der elektronischen Rechnung ab 01.01.2025<\/a>\n\t\t\t\t\t\t<\/h2><div class=\"guten-post-excerpt\"><p>Ab dem 01. Januar 2025 wird die elektronische Rechnung zur Pflicht, wenn leistender Unternehmer und Leistungsempf\u00e4nger Unternehmer und im Inland &#8230;<\/p><\/div><div class=\"guten-post-meta-bottom\">\n\t\t\t\t\t\t\t\n\t\t\t\t\t\t<\/div><\/div>\n                <\/article>\n        <\/div>\n        <\/div><\/div>\n\n\n<div style=\"height:50px\" aria-hidden=\"true\" class=\"wp-block-spacer\"><\/div>\n\n\n\n<h2 class=\"has-text-align-center wp-block-heading\">Mandanteninformationen<\/h2>\n\n\n\n<div style=\"height:25px\" aria-hidden=\"true\" class=\"wp-block-spacer\"><\/div>\n\n\n<div  class=\"gutenverse guten-postblock postblock-type-2 guten-pagination-disable  post-element guten-2vqrmu\"  data-id=\"guten-2vqrmu\" data-settings=\"{&quot;elementId&quot;:&quot;guten-2vqrmu&quot;,&quot;numberPost&quot;:&quot;3&quot;,&quot;column&quot;:{&quot;Desktop&quot;:&quot;3&quot;,&quot;Mobile&quot;:&quot;1&quot;},&quot;includeCategory&quot;:[{&quot;label&quot;:&quot;Mandanteninformation&quot;,&quot;value&quot;:1}],&quot;htmlTag&quot;:&quot;h2&quot;,&quot;categoryEnabled&quot;:false,&quot;excerptMore&quot;:&quot; ...&quot;,&quot;readmoreEnabled&quot;:false,&quot;metaEnabled&quot;:false,&quot;postblockType&quot;:&quot;type-2&quot;,&quot;postItemMargin&quot;:{&quot;Desktop&quot;:{&quot;unit&quot;:&quot;px&quot;,&quot;dimension&quot;:{&quot;top&quot;:&quot;0&quot;,&quot;right&quot;:&quot;0&quot;,&quot;bottom&quot;:&quot;20&quot;,&quot;left&quot;:&quot;0&quot;}}},&quot;postItemPadding&quot;:{&quot;Desktop&quot;:[]},&quot;postItemBorder&quot;:{&quot;radius&quot;:{&quot;Desktop&quot;:[]}},&quot;thumbnailRadius&quot;:{&quot;Desktop&quot;:{&quot;unit&quot;:&quot;px&quot;,&quot;dimension&quot;:{&quot;top&quot;:&quot;10&quot;,&quot;right&quot;:&quot;10&quot;}},&quot;Mobile&quot;:[]},&quot;inheritQuery&quot;:true,&quot;postType&quot;:&quot;post&quot;,&quot;postOffset&quot;:0,&quot;excludeCurrentPost&quot;:false,&quot;includePost&quot;:[],&quot;excludePost&quot;:[],&quot;excludeCategory&quot;:[],&quot;includeAuthor&quot;:[],&quot;includeTag&quot;:[],&quot;excludeTag&quot;:[],&quot;categoryPosition&quot;:&quot;center&quot;,&quot;excerptEnabled&quot;:true,&quot;excerptLength&quot;:20,&quot;readmoreIcon&quot;:&quot;fas fa-arrow-right&quot;,&quot;readmoreIconPosition&quot;:&quot;after&quot;,&quot;readmoreText&quot;:&quot;Read More&quot;,&quot;commentEnabled&quot;:false,&quot;commentIcon&quot;:&quot;fas fa-comment&quot;,&quot;commentIconPosition&quot;:&quot;before&quot;,&quot;metaAuthorEnabled&quot;:true,&quot;metaAuthorByText&quot;:&quot;by&quot;,&quot;metaAuthorIcon&quot;:&quot;fas fa-user&quot;,&quot;metaAuthorIconPosition&quot;:&quot;before&quot;,&quot;metaDateEnabled&quot;:true,&quot;metaDateType&quot;:&quot;published&quot;,&quot;metaDateFormat&quot;:&quot;default&quot;,&quot;metaDateFormatCustom&quot;:&quot;&quot;,&quot;metaDateIcon&quot;:&quot;fas fa-clock&quot;,&quot;metaDateIconPosition&quot;:&quot;before&quot;,&quot;breakpoint&quot;:&quot;tablet&quot;,&quot;noContentText&quot;:&quot;No Content&quot;,&quot;paginationMode&quot;:&quot;disable&quot;,&quot;paginationLoadmoreText&quot;:&quot;Load More&quot;,&quot;paginationLoadingText&quot;:&quot;Loading...&quot;,&quot;paginationNumberPost&quot;:3,&quot;paginationScrollLimit&quot;:0,&quot;paginationIcon&quot;:&quot;&quot;,&quot;paginationIconType&quot;:&quot;icon&quot;,&quot;paginationIconSVG&quot;:&quot;&quot;,&quot;paginationIconPosition&quot;:&quot;before&quot;,&quot;background&quot;:[],&quot;backgroundHover&quot;:[],&quot;animation&quot;:[],&quot;paginationPrevNextText&quot;:true,&quot;paginationPrevText&quot;:&quot;Prev&quot;,&quot;paginationNextText&quot;:&quot;Next&quot;,&quot;paginationPrevIcon&quot;:&quot;fas fa-chevron-left&quot;,&quot;paginationPrevIconType&quot;:&quot;icon&quot;,&quot;paginationNextIcon&quot;:&quot;fas fa-chevron-right&quot;,&quot;paginationNextIconType&quot;:&quot;icon&quot;,&quot;contentOrder&quot;:[{&quot;label&quot;:&quot;Title&quot;,&quot;value&quot;:&quot;title&quot;},{&quot;label&quot;:&quot;Meta&quot;,&quot;value&quot;:&quot;meta&quot;},{&quot;label&quot;:&quot;Excerpt&quot;,&quot;value&quot;:&quot;excerpt&quot;},{&quot;label&quot;:&quot;Read More&quot;,&quot;value&quot;:&quot;read&quot;}],&quot;paginationLoadmoreAnimation&quot;:&quot;&quot;,&quot;paginationLoadmoreAnimationSequence&quot;:&quot;&quot;,&quot;paged&quot;:1,&quot;class&quot;:null}\"><div class=\"guten-block-container\">\n            <div class=\"guten-posts guten-ajax-flag\">\n            <article class=\"guten-post post-885 post type-post status-publish format-standard has-post-thumbnail hentry category-aktuelles category-mandanteninformation\">\n                    <div class=\"guten-thumb\"><a aria-label=\"Einf\u00fchrung der elektronischen Rechnung ab 01.01.2025\" href=\"javascript:void(0);\" data-href=\"https:\/\/steuerkanzlei-karl.de\/index.php\/einfuehrung-der-elektronischen-rechnung-ab-01-01-2025\/\"><div class=\"thumbnail-container \">\n            <img fetchpriority=\"high\" decoding=\"async\" loading=\"eager\"  width=\"1200\" height=\"455\" src=\"https:\/\/steuerkanzlei-karl.de\/wp-content\/uploads\/2020\/06\/Mandanteninformation-Vorlage.webp\" class=\"attachment-full size-full wp-post-image\" alt=\"\" srcset=\"https:\/\/steuerkanzlei-karl.de\/wp-content\/uploads\/2020\/06\/Mandanteninformation-Vorlage.webp 1200w, https:\/\/steuerkanzlei-karl.de\/wp-content\/uploads\/2020\/06\/Mandanteninformation-Vorlage-300x114.webp 300w, https:\/\/steuerkanzlei-karl.de\/wp-content\/uploads\/2020\/06\/Mandanteninformation-Vorlage-1024x388.webp 1024w, https:\/\/steuerkanzlei-karl.de\/wp-content\/uploads\/2020\/06\/Mandanteninformation-Vorlage-768x291.webp 768w, https:\/\/steuerkanzlei-karl.de\/wp-content\/uploads\/2020\/06\/Mandanteninformation-Vorlage-1000x379.webp 1000w, https:\/\/steuerkanzlei-karl.de\/wp-content\/uploads\/2020\/06\/Mandanteninformation-Vorlage-230x87.webp 230w, https:\/\/steuerkanzlei-karl.de\/wp-content\/uploads\/2020\/06\/Mandanteninformation-Vorlage-350x133.webp 350w, https:\/\/steuerkanzlei-karl.de\/wp-content\/uploads\/2020\/06\/Mandanteninformation-Vorlage-480x182.webp 480w\" sizes=\"(max-width: 1200px) 100vw, 1200px\" \/>\n\t\t\t<div class=\"guten-overlay\"><\/div>\n        <\/div><\/a><\/div>\n                    <div class=\"guten-postblock-content\"><h2 class=\"guten-post-title\">\n\t\t\t\t\t\t\t<a aria-label=\"Einf\u00fchrung der elektronischen Rechnung ab 01.01.2025\" href=\"javascript:void(0);\" data-href=\"https:\/\/steuerkanzlei-karl.de\/index.php\/einfuehrung-der-elektronischen-rechnung-ab-01-01-2025\/\">Einf\u00fchrung der elektronischen Rechnung ab 01.01.2025<\/a>\n\t\t\t\t\t\t<\/h2><div class=\"guten-post-excerpt\"><p>Ab dem 01. Januar 2025 wird die elektronische Rechnung zur Pflicht, wenn leistender Unternehmer und Leistungsempf\u00e4nger Unternehmer und im Inland &#8230;<\/p><\/div><div class=\"guten-post-meta-bottom\">\n\t\t\t\t\t\t\t\n\t\t\t\t\t\t<\/div><\/div>\n                <\/article><article class=\"guten-post post-878 post type-post status-publish format-standard has-post-thumbnail hentry category-mandanteninformation\">\n                    <div class=\"guten-thumb\"><a aria-label=\"MI 05\/2024 &#8211; Monatsinformation Mai 2024\" href=\"javascript:void(0);\" data-href=\"https:\/\/steuerkanzlei-karl.de\/index.php\/mi-05-2024-monatsinformation-mai-2024\/\"><div class=\"thumbnail-container \">\n            <img fetchpriority=\"high\" decoding=\"async\" loading=\"eager\"  width=\"1200\" height=\"455\" src=\"https:\/\/steuerkanzlei-karl.de\/wp-content\/uploads\/2020\/06\/Mandanteninformation-Vorlage.webp\" class=\"attachment-full size-full wp-post-image\" alt=\"\" srcset=\"https:\/\/steuerkanzlei-karl.de\/wp-content\/uploads\/2020\/06\/Mandanteninformation-Vorlage.webp 1200w, https:\/\/steuerkanzlei-karl.de\/wp-content\/uploads\/2020\/06\/Mandanteninformation-Vorlage-300x114.webp 300w, https:\/\/steuerkanzlei-karl.de\/wp-content\/uploads\/2020\/06\/Mandanteninformation-Vorlage-1024x388.webp 1024w, https:\/\/steuerkanzlei-karl.de\/wp-content\/uploads\/2020\/06\/Mandanteninformation-Vorlage-768x291.webp 768w, https:\/\/steuerkanzlei-karl.de\/wp-content\/uploads\/2020\/06\/Mandanteninformation-Vorlage-1000x379.webp 1000w, https:\/\/steuerkanzlei-karl.de\/wp-content\/uploads\/2020\/06\/Mandanteninformation-Vorlage-230x87.webp 230w, https:\/\/steuerkanzlei-karl.de\/wp-content\/uploads\/2020\/06\/Mandanteninformation-Vorlage-350x133.webp 350w, https:\/\/steuerkanzlei-karl.de\/wp-content\/uploads\/2020\/06\/Mandanteninformation-Vorlage-480x182.webp 480w\" sizes=\"(max-width: 1200px) 100vw, 1200px\" \/>\n\t\t\t<div class=\"guten-overlay\"><\/div>\n        <\/div><\/a><\/div>\n                    <div class=\"guten-postblock-content\"><h2 class=\"guten-post-title\">\n\t\t\t\t\t\t\t<a aria-label=\"MI 05\/2024 &#8211; Monatsinformation Mai 2024\" href=\"javascript:void(0);\" data-href=\"https:\/\/steuerkanzlei-karl.de\/index.php\/mi-05-2024-monatsinformation-mai-2024\/\">MI 05\/2024 &#8211; Monatsinformation Mai 2024<\/a>\n\t\t\t\t\t\t<\/h2><div class=\"guten-post-excerpt\"><p>In der f\u00fcnften Monatsinformation des Jahres 2024 finden Sie die geplanten \u00c4nderungen f\u00fcr Sie zusammengefasst. Dokument herunterladen (PDF) Themen F\u00fcr &#8230;<\/p><\/div><div class=\"guten-post-meta-bottom\">\n\t\t\t\t\t\t\t\n\t\t\t\t\t\t<\/div><\/div>\n                <\/article><article class=\"guten-post post-871 post type-post status-publish format-standard has-post-thumbnail hentry category-mandanteninformation\">\n                    <div class=\"guten-thumb\"><a aria-label=\"MI 04\/2024 &#8211; Monatsinformation April 2024\" href=\"javascript:void(0);\" data-href=\"https:\/\/steuerkanzlei-karl.de\/index.php\/mi-04-2024-monatsinformation-april-2024\/\"><div class=\"thumbnail-container \">\n            <img fetchpriority=\"high\" decoding=\"async\" loading=\"eager\"  width=\"1200\" height=\"455\" src=\"https:\/\/steuerkanzlei-karl.de\/wp-content\/uploads\/2020\/06\/Mandanteninformation-Vorlage.webp\" class=\"attachment-full size-full wp-post-image\" alt=\"\" srcset=\"https:\/\/steuerkanzlei-karl.de\/wp-content\/uploads\/2020\/06\/Mandanteninformation-Vorlage.webp 1200w, https:\/\/steuerkanzlei-karl.de\/wp-content\/uploads\/2020\/06\/Mandanteninformation-Vorlage-300x114.webp 300w, https:\/\/steuerkanzlei-karl.de\/wp-content\/uploads\/2020\/06\/Mandanteninformation-Vorlage-1024x388.webp 1024w, https:\/\/steuerkanzlei-karl.de\/wp-content\/uploads\/2020\/06\/Mandanteninformation-Vorlage-768x291.webp 768w, https:\/\/steuerkanzlei-karl.de\/wp-content\/uploads\/2020\/06\/Mandanteninformation-Vorlage-1000x379.webp 1000w, https:\/\/steuerkanzlei-karl.de\/wp-content\/uploads\/2020\/06\/Mandanteninformation-Vorlage-230x87.webp 230w, https:\/\/steuerkanzlei-karl.de\/wp-content\/uploads\/2020\/06\/Mandanteninformation-Vorlage-350x133.webp 350w, https:\/\/steuerkanzlei-karl.de\/wp-content\/uploads\/2020\/06\/Mandanteninformation-Vorlage-480x182.webp 480w\" sizes=\"(max-width: 1200px) 100vw, 1200px\" \/>\n\t\t\t<div class=\"guten-overlay\"><\/div>\n        <\/div><\/a><\/div>\n                    <div class=\"guten-postblock-content\"><h2 class=\"guten-post-title\">\n\t\t\t\t\t\t\t<a aria-label=\"MI 04\/2024 &#8211; Monatsinformation April 2024\" href=\"javascript:void(0);\" data-href=\"https:\/\/steuerkanzlei-karl.de\/index.php\/mi-04-2024-monatsinformation-april-2024\/\">MI 04\/2024 &#8211; Monatsinformation April 2024<\/a>\n\t\t\t\t\t\t<\/h2><div class=\"guten-post-excerpt\"><p>In der vierten Monatsinformation des Jahres 2024 finden Sie die geplanten \u00c4nderungen f\u00fcr Sie zusammengefasst. Dokument herunterladen (PDF) Themen Wachstumschancengesetz &#8230;<\/p><\/div><div class=\"guten-post-meta-bottom\">\n\t\t\t\t\t\t\t\n\t\t\t\t\t\t<\/div><\/div>\n                <\/article>\n        <\/div>\n        <\/div><\/div>\n\n\n<p><\/p>\n\n\n\n\n\n<style>\r\n\t#content > div > .row {\r\n    \tmargin-bottom: -30px;\r\n\t}\r\n\t\r\n\t#content {\r\n\t\tpadding-bottom: 0px !important;\r\n\t}\r\n<\/style>\n","protected":false},"excerpt":{"rendered":"<p>Dipl.-Betriebswirt (FH) Thomas Karl Steuerberater Aktuelles aus der Steuerkanzlei Mandanteninformationen<\/p>\n","protected":false},"author":1,"featured_media":0,"parent":0,"menu_order":0,"comment_status":"closed","ping_status":"closed","template":"","meta":{"footnotes":""},"class_list":["post-2","page","type-page","status-publish","hentry"],"_links":{"self":[{"href":"https:\/\/steuerkanzlei-karl.de\/index.php\/wp-json\/wp\/v2\/pages\/2","targetHints":{"allow":["GET"]}}],"collection":[{"href":"https:\/\/steuerkanzlei-karl.de\/index.php\/wp-json\/wp\/v2\/pages"}],"about":[{"href":"https:\/\/steuerkanzlei-karl.de\/index.php\/wp-json\/wp\/v2\/types\/page"}],"author":[{"embeddable":true,"href":"https:\/\/steuerkanzlei-karl.de\/index.php\/wp-json\/wp\/v2\/users\/1"}],"replies":[{"embeddable":true,"href":"https:\/\/steuerkanzlei-karl.de\/index.php\/wp-json\/wp\/v2\/comments?post=2"}],"version-history":[{"count":105,"href":"https:\/\/steuerkanzlei-karl.de\/index.php\/wp-json\/wp\/v2\/pages\/2\/revisions"}],"predecessor-version":[{"id":756,"href":"https:\/\/steuerkanzlei-karl.de\/index.php\/wp-json\/wp\/v2\/pages\/2\/revisions\/756"}],"wp:attachment":[{"href":"https:\/\/steuerkanzlei-karl.de\/index.php\/wp-json\/wp\/v2\/media?parent=2"}],"curies":[{"name":"wp","href":"https:\/\/api.w.org\/{rel}","templated":true}]}}